{"id":43,"date":"2021-05-07T10:10:50","date_gmt":"2021-05-07T10:10:50","guid":{"rendered":"https:\/\/cosmos-themes.online\/themes\/watson\/?page_id=43"},"modified":"2025-03-10T20:28:52","modified_gmt":"2025-03-10T20:28:52","slug":"home","status":"publish","type":"page","link":"https:\/\/pernillereenberg.dk\/","title":{"rendered":"Home"},"content":{"rendered":"\t\t<div data-elementor-type=\"wp-page\" data-elementor-id=\"43\" class=\"elementor elementor-43\" data-elementor-post-type=\"page\">\n\t\t\t\t\t\t<section class=\"elementor-section elementor-top-section elementor-element elementor-element-3e9e93f0 elementor-section-full_width elementor-section-height-default elementor-section-height-default\" data-id=\"3e9e93f0\" data-element_type=\"section\" data-e-type=\"section\">\n\t\t\t\t\t\t<div class=\"elementor-container elementor-column-gap-no\">\n\t\t\t\t\t<div class=\"elementor-column elementor-col-100 elementor-top-column elementor-element elementor-element-426f2bd\" data-id=\"426f2bd\" data-element_type=\"column\" data-e-type=\"column\">\n\t\t\t<div class=\"elementor-widget-wrap elementor-element-populated\">\n\t\t\t\t\t\t<div class=\"elementor-element elementor-element-089672e elementor-widget elementor-widget-watson-hero-image\" data-id=\"089672e\" data-element_type=\"widget\" data-e-type=\"widget\" data-widget_type=\"watson-hero-image.default\">\n\t\t\t\t<div class=\"elementor-widget-container\">\n\t\t\t\t\t\n        <!--Banner Section Start-->\n        <div class=\"banner\" style=\"background-image:url('http:\/\/pernillereenberg.dk\/wp-content\/uploads\/2021\/05\/home-bg-1.jpg')\">\n\n            <div class=\"banner-content\">\n                <!--Banner Text-->\n                <h1 class=\"full-name\">\n                                            <span class=\"fname\">\n                            PERNILLE                        <\/span>\n                                                                <span class=\"lname\">\n                            REENBERG                        <\/span>\n                                    <\/h1>\n\n                                    <!--Animated Text-->\n\n                    <p class=\"cd-headline clip is-full-width\">\n\n                                                    <span class=\"static-text\">Jeg er<\/span>\n                        \n                                                    <span class=\"cd-words-wrapper \">\n                                                                    <b class=\"is-visible\">e-l\u00e6ringudvikler<\/b>\n                                                                    <b class=\"\">projektleder<\/b>\n                                                                    <b class=\"\">l\u00e6ringsdesigner<\/b>\n                                                            <\/span>\n                        \n                    <\/p>\n\n                \n            <\/div>\n        <\/div>\n\n        <!--Banner Section End-->\n\t\t\t\t<\/div>\n\t\t\t\t<\/div>\n\t\t\t\t\t<\/div>\n\t\t<\/div>\n\t\t\t\t\t<\/div>\n\t\t<\/section>\n\t\t<div class=\"elementor-element elementor-element-31e2fbc e-flex e-con-boxed e-con e-parent\" data-id=\"31e2fbc\" data-element_type=\"container\" data-e-type=\"container\">\n\t\t\t\t\t<div class=\"e-con-inner\">\n\t\t\t\t\t<\/div>\n\t\t\t\t<\/div>\n\t\t<div class=\"elementor-element elementor-element-5779365 e-flex e-con-boxed e-con e-parent\" data-id=\"5779365\" data-element_type=\"container\" data-e-type=\"container\">\n\t\t\t\t\t<div class=\"e-con-inner\">\n\t\t\t\t<div class=\"elementor-element elementor-element-8c089da elementor-widget elementor-widget-heading\" data-id=\"8c089da\" data-element_type=\"widget\" data-e-type=\"widget\" data-widget_type=\"heading.default\">\n\t\t\t\t<div class=\"elementor-widget-container\">\n\t\t\t\t\t<h2 class=\"elementor-heading-title elementor-size-default\">Tilf\u00f8j din overskrift her<\/h2>\t\t\t\t<\/div>\n\t\t\t\t<\/div>\n\t\t\t\t\t<\/div>\n\t\t\t\t<\/div>\n\t\t\t\t<\/div>\n\t\t","protected":false},"excerpt":{"rendered":"<p>PERNILLE REENBERG Jeg er e-l\u00e6ringudvikler projektleder l\u00e6ringsdesigner Tilf\u00f8j din overskrift her<\/p>\n","protected":false},"author":1,"featured_media":0,"parent":0,"menu_order":0,"comment_status":"closed","ping_status":"closed","template":"full-width-template.php","meta":{"inline_featured_image":false,"footnotes":""},"class_list":["post-43","page","type-page","status-publish","hentry"],"_links":{"self":[{"href":"https:\/\/pernillereenberg.dk\/index.php?rest_route=\/wp\/v2\/pages\/43"}],"collection":[{"href":"https:\/\/pernillereenberg.dk\/index.php?rest_route=\/wp\/v2\/pages"}],"about":[{"href":"https:\/\/pernillereenberg.dk\/index.php?rest_route=\/wp\/v2\/types\/page"}],"author":[{"embeddable":true,"href":"https:\/\/pernillereenberg.dk\/index.php?rest_route=\/wp\/v2\/users\/1"}],"replies":[{"embeddable":true,"href":"https:\/\/pernillereenberg.dk\/index.php?rest_route=%2Fwp%2Fv2%2Fcomments&post=43"}],"version-history":[{"count":18,"href":"https:\/\/pernillereenberg.dk\/index.php?rest_route=\/wp\/v2\/pages\/43\/revisions"}],"predecessor-version":[{"id":664,"href":"https:\/\/pernillereenberg.dk\/index.php?rest_route=\/wp\/v2\/pages\/43\/revisions\/664"}],"wp:attachment":[{"href":"https:\/\/pernillereenberg.dk\/index.php?rest_route=%2Fwp%2Fv2%2Fmedia&parent=43"}],"curies":[{"name":"wp","href":"https:\/\/api.w.org\/{rel}","templated":true}]}}